{"id":433,"date":"2018-06-25T12:09:11","date_gmt":"2018-06-25T10:09:11","guid":{"rendered":"http:\/\/www.letrempesec.fr\/?page_id=433"},"modified":"2026-02-15T10:03:55","modified_gmt":"2026-02-15T09:03:55","slug":"mentions-legales","status":"publish","type":"page","link":"http:\/\/www.letrempesec.fr\/index.php\/mentions-legales\/","title":{"rendered":"Mentions l\u00e9gales"},"content":{"rendered":"\t\t<div data-elementor-type=\"wp-page\" data-elementor-id=\"433\" class=\"elementor elementor-433\">\n\t\t\t\t\t\t<section class=\"elementor-section elementor-top-section elementor-element elementor-element-22872e71 elementor-section-boxed elementor-section-height-default elementor-section-height-default\" data-id=\"22872e71\" data-element_type=\"section\" data-e-type=\"section\">\n\t\t\t\t\t\t<div class=\"elementor-container elementor-column-gap-default\">\n\t\t\t\t\t<div class=\"elementor-column elementor-col-100 elementor-top-column elementor-element elementor-element-4053ea2e\" data-id=\"4053ea2e\" data-element_type=\"column\" data-e-type=\"column\">\n\t\t\t<div class=\"elementor-widget-wrap elementor-element-populated\">\n\t\t\t\t\t\t<div class=\"elementor-element elementor-element-3f6e2ca0 elementor-widget elementor-widget-text-editor\" data-id=\"3f6e2ca0\" data-element_type=\"widget\" data-e-type=\"widget\" data-widget_type=\"text-editor.default\">\n\t\t\t\t<div class=\"elementor-widget-container\">\n\t\t\t\t\t\t\t\t\t<header class=\"entry-header\"><h1 class=\"entry-title\"><strong style=\"font-size: 16px;\">Informations \u00e9diteur<\/strong><\/h1><\/header><div class=\"entry-content\"><h4>Ce site est \u00e9dit\u00e9 par :<\/h4><p>SARL LA GRANDE FERRI\u00c8RE<br \/>La Grande Ferri\u00e8re<br \/>35500 VITR\u00c9 \u2013 France<\/p><p>T\u00e9l\u00e9phone : 06 32 60 06 04<br \/>Email : contact@letrempe-sec.fr<\/p><p>Siret : 845 157 288 00026<br \/>SIREN : 845 157 288 R.C.S RENNES<br \/>Capital social : 25 000\u20ac<br \/>Code APE : 5621Z<\/p><\/div><div class=\"entry-content\"><p>Directeur de la publication : Anthony FOUCHET<br \/>Responsable de la r\u00e9daction : Anthony FOUCHET<br \/>Responsable du traitement (des donn\u00e9es personnelles) : Anthony FOUCHET<\/p><h4><strong>Le site letrempesec.fr est h\u00e9berg\u00e9 par :<\/strong><\/h4><p>OVH<br \/>Si\u00e8ge social : 2 rue Kellermann \u2013 59100 Roubaix \u2013 France.<\/p><h4><strong>Droits d\u2019auteur \u2013 Copyright \u2013 Droits de marque \u2013 Liens<\/strong><\/h4><p>La reproduction ou la repr\u00e9sentation en tout ou partie des \u00e9l\u00e9ments se trouvant sur le site est strictement interdite.<\/p><h4><strong>Droits d\u2019auteur<\/strong><\/h4><p>De m\u00eame, les droits de reproduction et de repr\u00e9sentation de l\u2019ensemble des \u0153uvres repr\u00e9sent\u00e9es sur le site sont strictement r\u00e9serv\u00e9s.<br \/>En cons\u00e9quence, la reproduction et la repr\u00e9sentation de tout ou partie de ce site, sur quelque support que ce soit, est formellement interdite sauf autorisation \u00e9crite expresse du responsable de la publication. De plus,\u00a0les documents ne peuvent faire l\u2019objet de copies qu\u2019\u00e0 titre d\u2019information, la copie \u00e9tant r\u00e9serv\u00e9e au seul usage priv\u00e9.<\/p><h4><strong>La cr\u00e9ation de liens vers le site www.letrempesec.fr<\/strong><\/h4><p>Le site du Trempe-Sec autorise la mise en place d\u2019un lien hypertexte pointant vers son contenu, sous r\u00e9serve de :<br \/>Ne pas utiliser la technique du lien profond (\u00ab\u00a0deep linking\u00a0\u00bb), c\u2019est-\u00e0-dire que les pages du site letrempesec.fr ne doivent pas \u00eatre imbriqu\u00e9es \u00e0 l\u2019int\u00e9rieur des pages d\u2019un autre site, mais accessible par l\u2019ouverture d\u2019une fen\u00eatre mentionner la source www.letrempesec.fr du contenu vis\u00e9.<\/p><p>Cependant, cette autorisation ne s\u2019applique pas aux sites Internet diffusant des informations \u00e0 caract\u00e8re pol\u00e9mique, pornographique, x\u00e9nophobe ou pouvant, dans une plus large mesure, porter atteinte \u00e0 la sensibilit\u00e9 du plus grand nombre ou \u00e0 l\u2019ordre public.<\/p><h4><strong>Responsabilit\u00e9 de l\u2019Editeur du site<\/strong><\/h4><p>Le Trempe-Sec met \u00e0 la disposition des internautes des informations dont elle fait ses meilleurs efforts pour assurer l\u2019exactitude au moment de leur mise en ligne.\u00a0En outre,\u00a0le Trempe-Sec ne saurait en aucun cas \u00eatre tenue responsable des \u00e9ventuels pr\u00e9judices li\u00e9s \u00e0 la consultation de ces informations.<\/p><p>De plus, l\u2019\u00e9tablissement Le Trempe-Sec se r\u00e9serve le droit de modifier, corriger ou supprimer le contenu du site.<br \/>Par ailleurs, la soci\u00e9t\u00e9 Le Trempe-Sec ne saurait \u00eatre tenue responsable de l\u2019utilisation qui serait faite par les internautes des informations contenues dans le site.<\/p><h4><strong>Des liens hypertextes pr\u00e9sents sur le site<\/strong><\/h4><p>www.letrempesec.fr permettent l\u2019acc\u00e8s \u00e0 d\u2019autres sites sur lesquels Le Trempe-Sec n\u2019exerce aucun contr\u00f4le. N\u00e9anmoins,\u00a0la responsabilit\u00e9 du restaurant Le Trempe-Sec ne saurait en aucun cas \u00eatre engag\u00e9e en cas de pr\u00e9judice caus\u00e9 par le contenu d\u2019un ou plusieurs des sites rattach\u00e9s par un lien hypertexte.<\/p><p>De plus, il appartient aux internautes de prendre toutes les mesures appropri\u00e9es pour la protection de leur mat\u00e9riel, donn\u00e9es ou encore\u00a0logiciel informatiques notamment contre les virus informatiques circulant sur le r\u00e9seau. De ce fait, Le Trempe-Sec ne saurait en aucun cas \u00eatre tenue responsable des dommages caus\u00e9s par un virus lors de la connexion \u00e0 son site.<\/p><p>En outre, Le Trempe-Sec d\u00e9cline toute responsabilit\u00e9 pour les difficult\u00e9s rencontr\u00e9es lors de l\u2019acc\u00e8s \u00e0 son site ou pour toute d\u00e9faillance de communication.<\/p><h4><strong>Conception, r\u00e9daction, cr\u00e9ation, r\u00e9alisation:<\/strong><\/h4><p>Le Trempe-Sec<br \/>H\u00e9bergement : OVH<br \/>Cr\u00e9ation, R\u00e9alisation : AF Groupe \u00ab\u00a0Cr\u00e9ation\u00a0\u00bb<\/p><\/div>\t\t\t\t\t\t\t\t<\/div>\n\t\t\t\t<\/div>\n\t\t\t\t\t<\/div>\n\t\t<\/div>\n\t\t\t\t\t<\/div>\n\t\t<\/section>\n\t\t\t\t<\/div>\n\t\t","protected":false},"excerpt":{"rendered":"<p>Informations \u00e9diteur Ce site est \u00e9dit\u00e9 par : SARL LA GRANDE FERRI\u00c8RELa Grande Ferri\u00e8re35500 VITR\u00c9 \u2013 France T\u00e9l\u00e9phone : 06 32 60 06 04Email : contact@letrempe-sec.fr Siret : 845 157 288 00026SIREN : 845 157 288 R.C.S RENNESCapital social : 25 000\u20acCode APE : 5621Z Directeur de la publication : Anthony FOUCHETResponsable de la r\u00e9daction &hellip;<\/p>\n","protected":false},"author":2,"featured_media":0,"parent":0,"menu_order":0,"comment_status":"closed","ping_status":"closed","template":"","meta":{"jetpack_post_was_ever_published":false,"footnotes":""},"class_list":["post-433","page","type-page","status-publish","hentry"],"yoast_head":"<!-- This site is optimized with the Yoast SEO plugin v27.4 - https:\/\/yoast.com\/product\/yoast-seo-wordpress\/ -->\n<title>Mentions l\u00e9gales - Le Trempe-Sec<\/title>\n<meta name=\"description\" content=\"Ce site est \u00e9dit\u00e9 par : Le Trempe-Sec LA GRANDE FERRI\u00c8RE 35500 VITR\u00c9 \u2013 France T\u00e9l\u00e9phone : 06 32 60 06 04 Directeur de la publication : Anthony FOUCHET Responsable de la r\u00e9daction : Anthony\" \/>\n<meta name=\"robots\" content=\"index, follow, max-snippet:-1, max-image-preview:large, max-video-preview:-1\" \/>\n<link rel=\"canonical\" href=\"https:\/\/www.letrempesec.fr\/index.php\/mentions-legales\/\" \/>\n<meta property=\"og:locale\" content=\"fr_FR\" \/>\n<meta property=\"og:type\" content=\"article\" \/>\n<meta property=\"og:title\" content=\"Mentions l\u00e9gales - Le Trempe-Sec\" \/>\n<meta property=\"og:description\" content=\"Ce site est \u00e9dit\u00e9 par : Le Trempe-Sec LA GRANDE FERRI\u00c8RE 35500 VITR\u00c9 \u2013 France T\u00e9l\u00e9phone : 06 32 60 06 04 Directeur de la publication : Anthony FOUCHET Responsable de la r\u00e9daction : Anthony\" \/>\n<meta property=\"og:url\" content=\"https:\/\/www.letrempesec.fr\/index.php\/mentions-legales\/\" \/>\n<meta property=\"og:site_name\" content=\"Le Trempe-Sec\" \/>\n<meta property=\"article:modified_time\" content=\"2026-02-15T09:03:55+00:00\" \/>\n<meta name=\"twitter:card\" content=\"summary_large_image\" \/>\n<meta name=\"twitter:label1\" content=\"Dur\u00e9e de lecture estim\u00e9e\" \/>\n\t<meta name=\"twitter:data1\" content=\"3 minutes\" \/>\n<script type=\"application\/ld+json\" class=\"yoast-schema-graph\">{\"@context\":\"https:\\\/\\\/schema.org\",\"@graph\":[{\"@type\":\"WebPage\",\"@id\":\"https:\\\/\\\/www.letrempesec.fr\\\/index.php\\\/mentions-legales\\\/\",\"url\":\"https:\\\/\\\/www.letrempesec.fr\\\/index.php\\\/mentions-legales\\\/\",\"name\":\"Mentions l\u00e9gales - Le Trempe-Sec\",\"isPartOf\":{\"@id\":\"http:\\\/\\\/www.letrempesec.fr\\\/#website\"},\"datePublished\":\"2018-06-25T10:09:11+00:00\",\"dateModified\":\"2026-02-15T09:03:55+00:00\",\"description\":\"Ce site est \u00e9dit\u00e9 par : Le Trempe-Sec LA GRANDE FERRI\u00c8RE 35500 VITR\u00c9 \u2013 France T\u00e9l\u00e9phone : 06 32 60 06 04 Directeur de la publication : Anthony FOUCHET Responsable de la r\u00e9daction : Anthony\",\"breadcrumb\":{\"@id\":\"https:\\\/\\\/www.letrempesec.fr\\\/index.php\\\/mentions-legales\\\/#breadcrumb\"},\"inLanguage\":\"fr-FR\",\"potentialAction\":[{\"@type\":\"ReadAction\",\"target\":[\"https:\\\/\\\/www.letrempesec.fr\\\/index.php\\\/mentions-legales\\\/\"]}]},{\"@type\":\"BreadcrumbList\",\"@id\":\"https:\\\/\\\/www.letrempesec.fr\\\/index.php\\\/mentions-legales\\\/#breadcrumb\",\"itemListElement\":[{\"@type\":\"ListItem\",\"position\":1,\"name\":\"Accueil\",\"item\":\"http:\\\/\\\/www.letrempesec.fr\\\/\"},{\"@type\":\"ListItem\",\"position\":2,\"name\":\"Mentions l\u00e9gales\"}]},{\"@type\":\"WebSite\",\"@id\":\"http:\\\/\\\/www.letrempesec.fr\\\/#website\",\"url\":\"http:\\\/\\\/www.letrempesec.fr\\\/\",\"name\":\"Le Trempe-Sec\",\"description\":\"Traiteur \u00e9v\u00e9nementiel &amp; Locations de salles\",\"publisher\":{\"@id\":\"http:\\\/\\\/www.letrempesec.fr\\\/#organization\"},\"potentialAction\":[{\"@type\":\"SearchAction\",\"target\":{\"@type\":\"EntryPoint\",\"urlTemplate\":\"http:\\\/\\\/www.letrempesec.fr\\\/?s={search_term_string}\"},\"query-input\":{\"@type\":\"PropertyValueSpecification\",\"valueRequired\":true,\"valueName\":\"search_term_string\"}}],\"inLanguage\":\"fr-FR\"},{\"@type\":\"Organization\",\"@id\":\"http:\\\/\\\/www.letrempesec.fr\\\/#organization\",\"name\":\"Le Trempe-Sec\",\"url\":\"http:\\\/\\\/www.letrempesec.fr\\\/\",\"logo\":{\"@type\":\"ImageObject\",\"inLanguage\":\"fr-FR\",\"@id\":\"http:\\\/\\\/www.letrempesec.fr\\\/#\\\/schema\\\/logo\\\/image\\\/\",\"url\":\"http:\\\/\\\/www.letrempesec.fr\\\/wp-content\\\/uploads\\\/2023\\\/07\\\/Beige-et-Marron-Purement-Typographique-Mariage-Evenement-Logo-5-e1689927381949.png\",\"contentUrl\":\"http:\\\/\\\/www.letrempesec.fr\\\/wp-content\\\/uploads\\\/2023\\\/07\\\/Beige-et-Marron-Purement-Typographique-Mariage-Evenement-Logo-5-e1689927381949.png\",\"width\":2000,\"height\":795,\"caption\":\"Le Trempe-Sec\"},\"image\":{\"@id\":\"http:\\\/\\\/www.letrempesec.fr\\\/#\\\/schema\\\/logo\\\/image\\\/\"}}]}<\/script>\n<!-- \/ Yoast SEO plugin. -->","yoast_head_json":{"title":"Mentions l\u00e9gales - Le Trempe-Sec","description":"Ce site est \u00e9dit\u00e9 par : Le Trempe-Sec LA GRANDE FERRI\u00c8RE 35500 VITR\u00c9 \u2013 France T\u00e9l\u00e9phone : 06 32 60 06 04 Directeur de la publication : Anthony FOUCHET Responsable de la r\u00e9daction : Anthony","robots":{"index":"index","follow":"follow","max-snippet":"max-snippet:-1","max-image-preview":"max-image-preview:large","max-video-preview":"max-video-preview:-1"},"canonical":"https:\/\/www.letrempesec.fr\/index.php\/mentions-legales\/","og_locale":"fr_FR","og_type":"article","og_title":"Mentions l\u00e9gales - Le Trempe-Sec","og_description":"Ce site est \u00e9dit\u00e9 par : Le Trempe-Sec LA GRANDE FERRI\u00c8RE 35500 VITR\u00c9 \u2013 France T\u00e9l\u00e9phone : 06 32 60 06 04 Directeur de la publication : Anthony FOUCHET Responsable de la r\u00e9daction : Anthony","og_url":"https:\/\/www.letrempesec.fr\/index.php\/mentions-legales\/","og_site_name":"Le Trempe-Sec","article_modified_time":"2026-02-15T09:03:55+00:00","twitter_card":"summary_large_image","twitter_misc":{"Dur\u00e9e de lecture estim\u00e9e":"3 minutes"},"schema":{"@context":"https:\/\/schema.org","@graph":[{"@type":"WebPage","@id":"https:\/\/www.letrempesec.fr\/index.php\/mentions-legales\/","url":"https:\/\/www.letrempesec.fr\/index.php\/mentions-legales\/","name":"Mentions l\u00e9gales - Le Trempe-Sec","isPartOf":{"@id":"http:\/\/www.letrempesec.fr\/#website"},"datePublished":"2018-06-25T10:09:11+00:00","dateModified":"2026-02-15T09:03:55+00:00","description":"Ce site est \u00e9dit\u00e9 par : Le Trempe-Sec LA GRANDE FERRI\u00c8RE 35500 VITR\u00c9 \u2013 France T\u00e9l\u00e9phone : 06 32 60 06 04 Directeur de la publication : Anthony FOUCHET Responsable de la r\u00e9daction : Anthony","breadcrumb":{"@id":"https:\/\/www.letrempesec.fr\/index.php\/mentions-legales\/#breadcrumb"},"inLanguage":"fr-FR","potentialAction":[{"@type":"ReadAction","target":["https:\/\/www.letrempesec.fr\/index.php\/mentions-legales\/"]}]},{"@type":"BreadcrumbList","@id":"https:\/\/www.letrempesec.fr\/index.php\/mentions-legales\/#breadcrumb","itemListElement":[{"@type":"ListItem","position":1,"name":"Accueil","item":"http:\/\/www.letrempesec.fr\/"},{"@type":"ListItem","position":2,"name":"Mentions l\u00e9gales"}]},{"@type":"WebSite","@id":"http:\/\/www.letrempesec.fr\/#website","url":"http:\/\/www.letrempesec.fr\/","name":"Le Trempe-Sec","description":"Traiteur \u00e9v\u00e9nementiel &amp; Locations de salles","publisher":{"@id":"http:\/\/www.letrempesec.fr\/#organization"},"potentialAction":[{"@type":"SearchAction","target":{"@type":"EntryPoint","urlTemplate":"http:\/\/www.letrempesec.fr\/?s={search_term_string}"},"query-input":{"@type":"PropertyValueSpecification","valueRequired":true,"valueName":"search_term_string"}}],"inLanguage":"fr-FR"},{"@type":"Organization","@id":"http:\/\/www.letrempesec.fr\/#organization","name":"Le Trempe-Sec","url":"http:\/\/www.letrempesec.fr\/","logo":{"@type":"ImageObject","inLanguage":"fr-FR","@id":"http:\/\/www.letrempesec.fr\/#\/schema\/logo\/image\/","url":"http:\/\/www.letrempesec.fr\/wp-content\/uploads\/2023\/07\/Beige-et-Marron-Purement-Typographique-Mariage-Evenement-Logo-5-e1689927381949.png","contentUrl":"http:\/\/www.letrempesec.fr\/wp-content\/uploads\/2023\/07\/Beige-et-Marron-Purement-Typographique-Mariage-Evenement-Logo-5-e1689927381949.png","width":2000,"height":795,"caption":"Le Trempe-Sec"},"image":{"@id":"http:\/\/www.letrempesec.fr\/#\/schema\/logo\/image\/"}}]}},"jetpack_sharing_enabled":true,"jetpack_shortlink":"https:\/\/wp.me\/P7YJrY-6Z","_links":{"self":[{"href":"http:\/\/www.letrempesec.fr\/index.php\/wp-json\/wp\/v2\/pages\/433","targetHints":{"allow":["GET"]}}],"collection":[{"href":"http:\/\/www.letrempesec.fr\/index.php\/wp-json\/wp\/v2\/pages"}],"about":[{"href":"http:\/\/www.letrempesec.fr\/index.php\/wp-json\/wp\/v2\/types\/page"}],"author":[{"embeddable":true,"href":"http:\/\/www.letrempesec.fr\/index.php\/wp-json\/wp\/v2\/users\/2"}],"replies":[{"embeddable":true,"href":"http:\/\/www.letrempesec.fr\/index.php\/wp-json\/wp\/v2\/comments?post=433"}],"version-history":[{"count":20,"href":"http:\/\/www.letrempesec.fr\/index.php\/wp-json\/wp\/v2\/pages\/433\/revisions"}],"predecessor-version":[{"id":1866,"href":"http:\/\/www.letrempesec.fr\/index.php\/wp-json\/wp\/v2\/pages\/433\/revisions\/1866"}],"wp:attachment":[{"href":"http:\/\/www.letrempesec.fr\/index.php\/wp-json\/wp\/v2\/media?parent=433"}],"curies":[{"name":"wp","href":"https:\/\/api.w.org\/{rel}","templated":true}]}}