{"id":1507,"date":"2023-07-28T14:34:06","date_gmt":"2023-07-28T12:34:06","guid":{"rendered":"http:\/\/www.letrempesec.fr\/?page_id=1507"},"modified":"2023-07-28T14:39:23","modified_gmt":"2023-07-28T12:39:23","slug":"demande-de-renseignements","status":"publish","type":"page","link":"http:\/\/www.letrempesec.fr\/index.php\/demande-de-renseignements\/","title":{"rendered":"Demande de renseignements"},"content":{"rendered":"\t\t<div data-elementor-type=\"wp-page\" data-elementor-id=\"1507\" class=\"elementor elementor-1507\">\n\t\t\t\t\t\t<section class=\"elementor-section elementor-top-section elementor-element elementor-element-5d6e88c4 elementor-section-boxed elementor-section-height-default elementor-section-height-default\" data-id=\"5d6e88c4\" data-element_type=\"section\" data-e-type=\"section\">\n\t\t\t\t\t\t<div class=\"elementor-container elementor-column-gap-default\">\n\t\t\t\t\t<div class=\"elementor-column elementor-col-100 elementor-top-column elementor-element elementor-element-33e2596b\" data-id=\"33e2596b\" data-element_type=\"column\" data-e-type=\"column\">\n\t\t\t<div class=\"elementor-widget-wrap elementor-element-populated\">\n\t\t\t\t\t\t<div class=\"elementor-element elementor-element-7b9331ad elementor-widget elementor-widget-text-editor\" data-id=\"7b9331ad\" data-element_type=\"widget\" data-e-type=\"widget\" data-widget_type=\"text-editor.default\">\n\t\t\t\t<div class=\"elementor-widget-container\">\n\t\t\t\t\t\t\t\t\t\t\t\t\t\t\t\t\t<\/div>\n\t\t\t\t<\/div>\n\t\t\t\t\t<\/div>\n\t\t<\/div>\n\t\t\t\t\t<\/div>\n\t\t<\/section>\n\t\t\t\t<section class=\"elementor-section elementor-top-section elementor-element elementor-element-0400aeb elementor-section-full_width elementor-section-stretched elementor-section-height-default elementor-section-height-default\" data-id=\"0400aeb\" data-element_type=\"section\" data-e-type=\"section\" data-settings=\"{&quot;stretch_section&quot;:&quot;section-stretched&quot;,&quot;background_background&quot;:&quot;classic&quot;}\">\n\t\t\t\t\t\t<div class=\"elementor-container elementor-column-gap-default\">\n\t\t\t\t\t<div class=\"elementor-column elementor-col-100 elementor-top-column elementor-element elementor-element-f300531\" data-id=\"f300531\" data-element_type=\"column\" data-e-type=\"column\" data-settings=\"{&quot;background_background&quot;:&quot;classic&quot;}\">\n\t\t\t<div class=\"elementor-widget-wrap elementor-element-populated\">\n\t\t\t\t\t\t<div class=\"elementor-element elementor-element-dbe12c5 elementor-widget elementor-widget-heading\" data-id=\"dbe12c5\" data-element_type=\"widget\" data-e-type=\"widget\" data-widget_type=\"heading.default\">\n\t\t\t\t<div class=\"elementor-widget-container\">\n\t\t\t\t\t<h2 class=\"elementor-heading-title elementor-size-large\">Demande de renseignements<\/h2>\t\t\t\t<\/div>\n\t\t\t\t<\/div>\n\t\t\t\t<div class=\"elementor-element elementor-element-caf1552 elementor-widget-divider--view-line elementor-invisible elementor-widget elementor-widget-divider\" data-id=\"caf1552\" data-element_type=\"widget\" data-e-type=\"widget\" data-settings=\"{&quot;_animation&quot;:&quot;fadeInDown&quot;}\" data-widget_type=\"divider.default\">\n\t\t\t\t<div class=\"elementor-widget-container\">\n\t\t\t\t\t\t\t<div class=\"elementor-divider\">\n\t\t\t<span class=\"elementor-divider-separator\">\n\t\t\t\t\t\t<\/span>\n\t\t<\/div>\n\t\t\t\t\t\t<\/div>\n\t\t\t\t<\/div>\n\t\t\t\t\t<\/div>\n\t\t<\/div>\n\t\t\t\t\t<\/div>\n\t\t<\/section>\n\t\t\t\t<section class=\"elementor-section elementor-top-section elementor-element elementor-element-6e050ce elementor-section-boxed elementor-section-height-default elementor-section-height-default\" data-id=\"6e050ce\" data-element_type=\"section\" data-e-type=\"section\">\n\t\t\t\t\t\t<div class=\"elementor-container elementor-column-gap-default\">\n\t\t\t\t\t<div class=\"elementor-column elementor-col-100 elementor-top-column elementor-element elementor-element-f1d1631\" data-id=\"f1d1631\" data-element_type=\"column\" data-e-type=\"column\">\n\t\t\t<div class=\"elementor-widget-wrap elementor-element-populated\">\n\t\t\t\t\t\t<div class=\"elementor-element elementor-element-98275d4 elementor-widget elementor-widget-wpforms\" data-id=\"98275d4\" data-element_type=\"widget\" data-e-type=\"widget\" data-widget_type=\"wpforms.default\">\n\t\t\t\t<div class=\"elementor-widget-container\">\n\t\t\t\t\t<div class=\"wpforms-container wpforms-container-full wpforms-block wpforms-block-42871aa7-5423-4f17-867b-79cfdacae52d wpforms-render-modern\" id=\"wpforms-1500\"><form id=\"wpforms-form-1500\" class=\"wpforms-validate wpforms-form wpforms-ajax-form\" data-formid=\"1500\" method=\"post\" enctype=\"multipart\/form-data\" action=\"\/index.php\/wp-json\/wp\/v2\/pages\/1507\" data-token=\"3c9af137971a0faba56206ef8dfa3913\" data-token-time=\"1777616778\"><noscript class=\"wpforms-error-noscript\">Veuillez activer JavaScript dans votre navigateur pour remplir ce formulaire.<\/noscript><div id=\"wpforms-error-noscript\" style=\"display: none;\">Veuillez activer JavaScript dans votre navigateur pour remplir ce formulaire.<\/div><div class=\"wpforms-field-container\"><div id=\"wpforms-1500-field_1-container\" class=\"wpforms-field wpforms-field-name\" data-field-id=\"1\"><fieldset><legend class=\"wpforms-field-label\">Nom <span class=\"wpforms-required-label\" aria-hidden=\"true\">*<\/span><\/legend><div class=\"wpforms-field-row wpforms-field-medium\"><div class=\"wpforms-field-row-block wpforms-first wpforms-one-half\"><input type=\"text\" id=\"wpforms-1500-field_1\" class=\"wpforms-field-name-first wpforms-field-required\" name=\"wpforms[fields][1][first]\" aria-errormessage=\"wpforms-1500-field_1-error\" required><label for=\"wpforms-1500-field_1\" class=\"wpforms-field-sublabel after\">Pr\u00e9nom<\/label><\/div><div class=\"wpforms-field-row-block wpforms-one-half\"><input type=\"text\" id=\"wpforms-1500-field_1-last\" class=\"wpforms-field-name-last wpforms-field-required\" name=\"wpforms[fields][1][last]\" aria-errormessage=\"wpforms-1500-field_1-last-error\" required><label for=\"wpforms-1500-field_1-last\" class=\"wpforms-field-sublabel after\">Nom<\/label><\/div><\/div><\/fieldset><\/div><div id=\"wpforms-1500-field_2-container\" class=\"wpforms-field wpforms-field-email\" data-field-id=\"2\"><label class=\"wpforms-field-label\" for=\"wpforms-1500-field_2\">E-mail <span class=\"wpforms-required-label\" aria-hidden=\"true\">*<\/span><\/label><input type=\"email\" id=\"wpforms-1500-field_2\" class=\"wpforms-field-medium wpforms-field-required\" name=\"wpforms[fields][2]\" spellcheck=\"false\" aria-errormessage=\"wpforms-1500-field_2-error\" required><\/div><div id=\"wpforms-1500-field_4-container\" class=\"wpforms-field wpforms-field-text\" data-field-id=\"4\"><label class=\"wpforms-field-label\" for=\"wpforms-1500-field_4\">Occasion <span class=\"wpforms-required-label\" aria-hidden=\"true\">*<\/span><\/label><input type=\"text\" id=\"wpforms-1500-field_4\" class=\"wpforms-field-medium wpforms-field-required\" name=\"wpforms[fields][4]\" aria-errormessage=\"wpforms-1500-field_4-error\" required><\/div><div id=\"wpforms-1500-field_21-container\" class=\"wpforms-field wpforms-field-text\" data-field-id=\"21\"><label class=\"wpforms-field-label\" for=\"wpforms-1500-field_21\">Date de l&#039;\u00e9v\u00e9nement <span class=\"wpforms-required-label\" aria-hidden=\"true\">*<\/span><\/label><input type=\"text\" id=\"wpforms-1500-field_21\" class=\"wpforms-field-medium wpforms-field-required\" name=\"wpforms[fields][21]\" aria-errormessage=\"wpforms-1500-field_21-error\" required><\/div><div id=\"wpforms-1500-field_5-container\" class=\"wpforms-field wpforms-field-text\" data-field-id=\"5\"><label class=\"wpforms-field-label\" for=\"wpforms-1500-field_5\">Lieu de l&#039;\u00e9v\u00e9nement <span class=\"wpforms-required-label\" aria-hidden=\"true\">*<\/span><\/label><input type=\"text\" id=\"wpforms-1500-field_5\" class=\"wpforms-field-medium wpforms-field-required\" name=\"wpforms[fields][5]\" aria-errormessage=\"wpforms-1500-field_5-error\" required><\/div><div id=\"wpforms-1500-field_7-container\" class=\"wpforms-field wpforms-field-checkbox\" data-field-id=\"7\"><fieldset><legend class=\"wpforms-field-label\">Quels sont vos besoins ? <span class=\"wpforms-required-label\" aria-hidden=\"true\">*<\/span><\/legend><ul id=\"wpforms-1500-field_7\" class=\"wpforms-field-required\" data-choice-limit=\"1\"><li class=\"choice-1 depth-1\"><input type=\"checkbox\" id=\"wpforms-1500-field_7_1\" data-rule-check-limit=\"true\" name=\"wpforms[fields][7][]\" value=\"Location du Trempe-Sec\" aria-errormessage=\"wpforms-1500-field_7_1-error\" required ><label class=\"wpforms-field-label-inline\" for=\"wpforms-1500-field_7_1\">Location du Trempe-Sec<\/label><\/li><li class=\"choice-2 depth-1\"><input type=\"checkbox\" id=\"wpforms-1500-field_7_2\" data-rule-check-limit=\"true\" name=\"wpforms[fields][7][]\" value=\"Prestation traiteur\" aria-errormessage=\"wpforms-1500-field_7_2-error\" required ><label class=\"wpforms-field-label-inline\" for=\"wpforms-1500-field_7_2\">Prestation traiteur<\/label><\/li><li class=\"choice-3 depth-1\"><input type=\"checkbox\" id=\"wpforms-1500-field_7_3\" data-rule-check-limit=\"true\" name=\"wpforms[fields][7][]\" value=\"Location du Trempe-Sec et prestation traiteur\" aria-errormessage=\"wpforms-1500-field_7_3-error\" required ><label class=\"wpforms-field-label-inline\" for=\"wpforms-1500-field_7_3\">Location du Trempe-Sec et prestation traiteur<\/label><\/li><\/ul><\/fieldset><\/div><div id=\"wpforms-1500-field_16-container\" class=\"wpforms-field wpforms-field-number\" data-field-id=\"16\"><label class=\"wpforms-field-label\" for=\"wpforms-1500-field_16\">Nombre d&#039;adultes <span class=\"wpforms-required-label\" aria-hidden=\"true\">*<\/span><\/label><input type=\"number\" id=\"wpforms-1500-field_16\" class=\"wpforms-field-medium wpforms-field-required\" name=\"wpforms[fields][16]\" step=\"any\" aria-errormessage=\"wpforms-1500-field_16-error\" required><\/div><div id=\"wpforms-1500-field_17-container\" class=\"wpforms-field wpforms-field-number\" data-field-id=\"17\"><label class=\"wpforms-field-label\" for=\"wpforms-1500-field_17\">Nombre d&#039;enfants <span class=\"wpforms-required-label\" aria-hidden=\"true\">*<\/span><\/label><input type=\"number\" id=\"wpforms-1500-field_17\" class=\"wpforms-field-medium wpforms-field-required\" name=\"wpforms[fields][17]\" step=\"any\" aria-errormessage=\"wpforms-1500-field_17-error\" required><\/div><div id=\"wpforms-1500-field_19-container\" class=\"wpforms-field wpforms-field-checkbox\" data-field-id=\"19\"><fieldset><legend class=\"wpforms-field-label\">Je souhaite une prestation avec du service. <span class=\"wpforms-required-label\" aria-hidden=\"true\">*<\/span><\/legend><ul id=\"wpforms-1500-field_19\" class=\"wpforms-field-required\" data-choice-limit=\"1\"><li class=\"choice-1 depth-1\"><input type=\"checkbox\" id=\"wpforms-1500-field_19_1\" data-rule-check-limit=\"true\" name=\"wpforms[fields][19][]\" value=\"Oui\" aria-errormessage=\"wpforms-1500-field_19_1-error\" required ><label class=\"wpforms-field-label-inline\" for=\"wpforms-1500-field_19_1\">Oui<\/label><\/li><li class=\"choice-2 depth-1\"><input type=\"checkbox\" id=\"wpforms-1500-field_19_2\" data-rule-check-limit=\"true\" name=\"wpforms[fields][19][]\" value=\"Non\" aria-errormessage=\"wpforms-1500-field_19_2-error\" required ><label class=\"wpforms-field-label-inline\" for=\"wpforms-1500-field_19_2\">Non<\/label><\/li><\/ul><\/fieldset><\/div><div id=\"wpforms-1500-field_20-container\" class=\"wpforms-field wpforms-field-checkbox\" data-field-id=\"20\"><fieldset><legend class=\"wpforms-field-label\">Je souhaite une formule cl\u00e9 en main. <span class=\"wpforms-required-label\" aria-hidden=\"true\">*<\/span><\/legend><ul id=\"wpforms-1500-field_20\" class=\"wpforms-field-required\" data-choice-limit=\"1\"><li class=\"choice-1 depth-1\"><input type=\"checkbox\" id=\"wpforms-1500-field_20_1\" data-rule-check-limit=\"true\" name=\"wpforms[fields][20][]\" value=\"Oui\" aria-errormessage=\"wpforms-1500-field_20_1-error\" aria-describedby=\"wpforms-1500-field_20-description\" required ><label class=\"wpforms-field-label-inline\" for=\"wpforms-1500-field_20_1\">Oui<\/label><\/li><li class=\"choice-2 depth-1\"><input type=\"checkbox\" id=\"wpforms-1500-field_20_2\" data-rule-check-limit=\"true\" name=\"wpforms[fields][20][]\" value=\"Non\" aria-errormessage=\"wpforms-1500-field_20_2-error\" aria-describedby=\"wpforms-1500-field_20-description\" required ><label class=\"wpforms-field-label-inline\" for=\"wpforms-1500-field_20_2\">Non<\/label><\/li><\/ul><div id=\"wpforms-1500-field_20-description\" class=\"wpforms-field-description\">La formule cl\u00e9 en main comprend la prestation dans sa totalit\u00e9 : le repas, les boissons softs et alcoolis\u00e9es, le service.<\/div><\/fieldset><\/div><div id=\"wpforms-1500-field_12-container\" class=\"wpforms-field wpforms-field-text\" data-field-id=\"12\"><label class=\"wpforms-field-label\" for=\"wpforms-1500-field_12\">Budget<\/label><input type=\"text\" id=\"wpforms-1500-field_12\" class=\"wpforms-field-medium\" name=\"wpforms[fields][12]\" aria-errormessage=\"wpforms-1500-field_12-error\" ><\/div><div id=\"wpforms-1500-field_13-container\" class=\"wpforms-field wpforms-field-textarea\" data-field-id=\"13\"><label class=\"wpforms-field-label\" for=\"wpforms-1500-field_13\">Votre message <span class=\"wpforms-required-label\" aria-hidden=\"true\">*<\/span><\/label><textarea id=\"wpforms-1500-field_13\" class=\"wpforms-field-medium wpforms-field-required\" name=\"wpforms[fields][13]\" aria-errormessage=\"wpforms-1500-field_13-error\" required><\/textarea><\/div><\/div><!-- .wpforms-field-container --><div class=\"wpforms-submit-container\" ><input type=\"hidden\" name=\"wpforms[id]\" value=\"1500\"><input type=\"hidden\" name=\"page_title\" value=\"\"><input type=\"hidden\" name=\"page_url\" value=\"http:\/\/www.letrempesec.fr\/index.php\/wp-json\/wp\/v2\/pages\/1507\"><input type=\"hidden\" name=\"url_referer\" value=\"\"><button type=\"submit\" name=\"wpforms[submit]\" id=\"wpforms-submit-1500\" class=\"wpforms-submit\" data-alt-text=\"Envoi...\" data-submit-text=\"Envoyer\" aria-live=\"assertive\" value=\"wpforms-submit\">Envoyer<\/button><img decoding=\"async\" src=\"http:\/\/www.letrempesec.fr\/wp-content\/plugins\/wpforms-lite\/assets\/images\/submit-spin.svg\" class=\"wpforms-submit-spinner\" style=\"display: none;\" width=\"26\" height=\"26\" alt=\"Chargement en cours\"><\/div><\/form><\/div>  <!-- .wpforms-container -->\t\t\t\t<\/div>\n\t\t\t\t<\/div>\n\t\t\t\t\t<\/div>\n\t\t<\/div>\n\t\t\t\t\t<\/div>\n\t\t<\/section>\n\t\t\t\t<\/div>\n\t\t","protected":false},"excerpt":{"rendered":"<p>Demande de renseignements<\/p>\n","protected":false},"author":2,"featured_media":0,"parent":0,"menu_order":0,"comment_status":"closed","ping_status":"closed","template":"","meta":{"jetpack_post_was_ever_published":false,"footnotes":""},"class_list":["post-1507","page","type-page","status-publish","hentry"],"yoast_head":"<!-- This site is optimized with the Yoast SEO plugin v27.5 - https:\/\/yoast.com\/product\/yoast-seo-wordpress\/ -->\n<title>Demande de renseignements - Le Trempe-Sec<\/title>\n<meta name=\"robots\" content=\"index, follow, max-snippet:-1, max-image-preview:large, max-video-preview:-1\" \/>\n<link rel=\"canonical\" href=\"http:\/\/www.letrempesec.fr\/index.php\/demande-de-renseignements\/\" \/>\n<meta property=\"og:locale\" content=\"fr_FR\" \/>\n<meta property=\"og:type\" content=\"article\" \/>\n<meta property=\"og:title\" content=\"Demande de renseignements - Le Trempe-Sec\" \/>\n<meta property=\"og:description\" content=\"Demande de renseignements\" \/>\n<meta property=\"og:url\" content=\"http:\/\/www.letrempesec.fr\/index.php\/demande-de-renseignements\/\" \/>\n<meta property=\"og:site_name\" content=\"Le Trempe-Sec\" \/>\n<meta property=\"article:publisher\" content=\"https:\/\/www.facebook.com\/AnthonyFouchetLeTrempeSec\" \/>\n<meta property=\"article:modified_time\" content=\"2023-07-28T12:39:23+00:00\" \/>\n<meta name=\"twitter:card\" content=\"summary_large_image\" \/>\n<meta name=\"twitter:label1\" content=\"Dur\u00e9e de lecture estim\u00e9e\" \/>\n\t<meta name=\"twitter:data1\" content=\"1 minute\" \/>\n<script type=\"application\/ld+json\" class=\"yoast-schema-graph\">{\"@context\":\"https:\\\/\\\/schema.org\",\"@graph\":[{\"@type\":\"WebPage\",\"@id\":\"http:\\\/\\\/www.letrempesec.fr\\\/index.php\\\/demande-de-renseignements\\\/\",\"url\":\"http:\\\/\\\/www.letrempesec.fr\\\/index.php\\\/demande-de-renseignements\\\/\",\"name\":\"Demande de renseignements - Le Trempe-Sec\",\"isPartOf\":{\"@id\":\"http:\\\/\\\/www.letrempesec.fr\\\/#website\"},\"datePublished\":\"2023-07-28T12:34:06+00:00\",\"dateModified\":\"2023-07-28T12:39:23+00:00\",\"breadcrumb\":{\"@id\":\"http:\\\/\\\/www.letrempesec.fr\\\/index.php\\\/demande-de-renseignements\\\/#breadcrumb\"},\"inLanguage\":\"fr-FR\",\"potentialAction\":[{\"@type\":\"ReadAction\",\"target\":[\"http:\\\/\\\/www.letrempesec.fr\\\/index.php\\\/demande-de-renseignements\\\/\"]}]},{\"@type\":\"BreadcrumbList\",\"@id\":\"http:\\\/\\\/www.letrempesec.fr\\\/index.php\\\/demande-de-renseignements\\\/#breadcrumb\",\"itemListElement\":[{\"@type\":\"ListItem\",\"position\":1,\"name\":\"Accueil\",\"item\":\"http:\\\/\\\/www.letrempesec.fr\\\/\"},{\"@type\":\"ListItem\",\"position\":2,\"name\":\"Demande de renseignements\"}]},{\"@type\":\"WebSite\",\"@id\":\"http:\\\/\\\/www.letrempesec.fr\\\/#website\",\"url\":\"http:\\\/\\\/www.letrempesec.fr\\\/\",\"name\":\"Le Trempe-Sec, \u00e9v\u00e8nementiel, lieu de r\u00e9ception et traiteur\",\"description\":\"Traiteur \u00e9v\u00e9nementiel &amp; Locations de salles\",\"publisher\":{\"@id\":\"http:\\\/\\\/www.letrempesec.fr\\\/#organization\"},\"potentialAction\":[{\"@type\":\"SearchAction\",\"target\":{\"@type\":\"EntryPoint\",\"urlTemplate\":\"http:\\\/\\\/www.letrempesec.fr\\\/?s={search_term_string}\"},\"query-input\":{\"@type\":\"PropertyValueSpecification\",\"valueRequired\":true,\"valueName\":\"search_term_string\"}}],\"inLanguage\":\"fr-FR\"},{\"@type\":\"Organization\",\"@id\":\"http:\\\/\\\/www.letrempesec.fr\\\/#organization\",\"name\":\"Le Trempe-Sec, \u00e9v\u00e8nementiel, lieu de r\u00e9ception et traiteur\",\"url\":\"http:\\\/\\\/www.letrempesec.fr\\\/\",\"logo\":{\"@type\":\"ImageObject\",\"inLanguage\":\"fr-FR\",\"@id\":\"http:\\\/\\\/www.letrempesec.fr\\\/#\\\/schema\\\/logo\\\/image\\\/\",\"url\":\"http:\\\/\\\/www.letrempesec.fr\\\/wp-content\\\/uploads\\\/2023\\\/07\\\/Beige-et-Marron-Purement-Typographique-Mariage-Evenement-Logo-5-e1689927381949.png\",\"contentUrl\":\"http:\\\/\\\/www.letrempesec.fr\\\/wp-content\\\/uploads\\\/2023\\\/07\\\/Beige-et-Marron-Purement-Typographique-Mariage-Evenement-Logo-5-e1689927381949.png\",\"width\":2000,\"height\":795,\"caption\":\"Le Trempe-Sec, \u00e9v\u00e8nementiel, lieu de r\u00e9ception et traiteur\"},\"image\":{\"@id\":\"http:\\\/\\\/www.letrempesec.fr\\\/#\\\/schema\\\/logo\\\/image\\\/\"},\"sameAs\":[\"https:\\\/\\\/www.facebook.com\\\/AnthonyFouchetLeTrempeSec\",\"https:\\\/\\\/www.instagram.com\\\/letrempesec35\\\/?fbclid=IwY2xjawRdc25leHRuA2FlbQIxMQBzcnRjBmFwcF9pZAEwAAEe6af420YQmqDQebcyaD19bcUItc3Drmk_DyOAZ3eQVEhWluHS8zz3JSq6j2c_aem_leyukG3zfOYOEWbBYGRtHw\"]}]}<\/script>\n<!-- \/ Yoast SEO plugin. -->","yoast_head_json":{"title":"Demande de renseignements - Le Trempe-Sec","robots":{"index":"index","follow":"follow","max-snippet":"max-snippet:-1","max-image-preview":"max-image-preview:large","max-video-preview":"max-video-preview:-1"},"canonical":"http:\/\/www.letrempesec.fr\/index.php\/demande-de-renseignements\/","og_locale":"fr_FR","og_type":"article","og_title":"Demande de renseignements - Le Trempe-Sec","og_description":"Demande de renseignements","og_url":"http:\/\/www.letrempesec.fr\/index.php\/demande-de-renseignements\/","og_site_name":"Le Trempe-Sec","article_publisher":"https:\/\/www.facebook.com\/AnthonyFouchetLeTrempeSec","article_modified_time":"2023-07-28T12:39:23+00:00","twitter_card":"summary_large_image","twitter_misc":{"Dur\u00e9e de lecture estim\u00e9e":"1 minute"},"schema":{"@context":"https:\/\/schema.org","@graph":[{"@type":"WebPage","@id":"http:\/\/www.letrempesec.fr\/index.php\/demande-de-renseignements\/","url":"http:\/\/www.letrempesec.fr\/index.php\/demande-de-renseignements\/","name":"Demande de renseignements - Le Trempe-Sec","isPartOf":{"@id":"http:\/\/www.letrempesec.fr\/#website"},"datePublished":"2023-07-28T12:34:06+00:00","dateModified":"2023-07-28T12:39:23+00:00","breadcrumb":{"@id":"http:\/\/www.letrempesec.fr\/index.php\/demande-de-renseignements\/#breadcrumb"},"inLanguage":"fr-FR","potentialAction":[{"@type":"ReadAction","target":["http:\/\/www.letrempesec.fr\/index.php\/demande-de-renseignements\/"]}]},{"@type":"BreadcrumbList","@id":"http:\/\/www.letrempesec.fr\/index.php\/demande-de-renseignements\/#breadcrumb","itemListElement":[{"@type":"ListItem","position":1,"name":"Accueil","item":"http:\/\/www.letrempesec.fr\/"},{"@type":"ListItem","position":2,"name":"Demande de renseignements"}]},{"@type":"WebSite","@id":"http:\/\/www.letrempesec.fr\/#website","url":"http:\/\/www.letrempesec.fr\/","name":"Le Trempe-Sec, \u00e9v\u00e8nementiel, lieu de r\u00e9ception et traiteur","description":"Traiteur \u00e9v\u00e9nementiel &amp; Locations de salles","publisher":{"@id":"http:\/\/www.letrempesec.fr\/#organization"},"potentialAction":[{"@type":"SearchAction","target":{"@type":"EntryPoint","urlTemplate":"http:\/\/www.letrempesec.fr\/?s={search_term_string}"},"query-input":{"@type":"PropertyValueSpecification","valueRequired":true,"valueName":"search_term_string"}}],"inLanguage":"fr-FR"},{"@type":"Organization","@id":"http:\/\/www.letrempesec.fr\/#organization","name":"Le Trempe-Sec, \u00e9v\u00e8nementiel, lieu de r\u00e9ception et traiteur","url":"http:\/\/www.letrempesec.fr\/","logo":{"@type":"ImageObject","inLanguage":"fr-FR","@id":"http:\/\/www.letrempesec.fr\/#\/schema\/logo\/image\/","url":"http:\/\/www.letrempesec.fr\/wp-content\/uploads\/2023\/07\/Beige-et-Marron-Purement-Typographique-Mariage-Evenement-Logo-5-e1689927381949.png","contentUrl":"http:\/\/www.letrempesec.fr\/wp-content\/uploads\/2023\/07\/Beige-et-Marron-Purement-Typographique-Mariage-Evenement-Logo-5-e1689927381949.png","width":2000,"height":795,"caption":"Le Trempe-Sec, \u00e9v\u00e8nementiel, lieu de r\u00e9ception et traiteur"},"image":{"@id":"http:\/\/www.letrempesec.fr\/#\/schema\/logo\/image\/"},"sameAs":["https:\/\/www.facebook.com\/AnthonyFouchetLeTrempeSec","https:\/\/www.instagram.com\/letrempesec35\/?fbclid=IwY2xjawRdc25leHRuA2FlbQIxMQBzcnRjBmFwcF9pZAEwAAEe6af420YQmqDQebcyaD19bcUItc3Drmk_DyOAZ3eQVEhWluHS8zz3JSq6j2c_aem_leyukG3zfOYOEWbBYGRtHw"]}]}},"jetpack_sharing_enabled":true,"jetpack_shortlink":"https:\/\/wp.me\/P7YJrY-oj","_links":{"self":[{"href":"http:\/\/www.letrempesec.fr\/index.php\/wp-json\/wp\/v2\/pages\/1507","targetHints":{"allow":["GET"]}}],"collection":[{"href":"http:\/\/www.letrempesec.fr\/index.php\/wp-json\/wp\/v2\/pages"}],"about":[{"href":"http:\/\/www.letrempesec.fr\/index.php\/wp-json\/wp\/v2\/types\/page"}],"author":[{"embeddable":true,"href":"http:\/\/www.letrempesec.fr\/index.php\/wp-json\/wp\/v2\/users\/2"}],"replies":[{"embeddable":true,"href":"http:\/\/www.letrempesec.fr\/index.php\/wp-json\/wp\/v2\/comments?post=1507"}],"version-history":[{"count":4,"href":"http:\/\/www.letrempesec.fr\/index.php\/wp-json\/wp\/v2\/pages\/1507\/revisions"}],"predecessor-version":[{"id":1513,"href":"http:\/\/www.letrempesec.fr\/index.php\/wp-json\/wp\/v2\/pages\/1507\/revisions\/1513"}],"wp:attachment":[{"href":"http:\/\/www.letrempesec.fr\/index.php\/wp-json\/wp\/v2\/media?parent=1507"}],"curies":[{"name":"wp","href":"https:\/\/api.w.org\/{rel}","templated":true}]}}